{"id":2596,"date":"2018-05-30T14:07:52","date_gmt":"2018-05-30T12:07:52","guid":{"rendered":"https:\/\/www.spoolex.com\/?page_id=2596"},"modified":"2025-06-17T11:55:41","modified_gmt":"2025-06-17T09:55:41","slug":"spoolex-recrute","status":"publish","type":"page","link":"https:\/\/www.spoolex.com\/fr\/spoolex-recrute\/","title":{"rendered":"Recrutement"},"content":{"rendered":"<p>Recrutement D\u00e9couvrez nos offres d&#8217;emploi Candidature R\u00e9ponse \u00e0 une offre Vous souhaitez nous transmettre votre CV et votre lettre de motivation ? Remplissez le formulaire ci-contre afin de transmettre vos coordonn\u00e9es \u00e0 notre \u00e9quipe RH.<\/p>\n","protected":false},"excerpt":{"rendered":"<p>Recrutement D\u00e9couvrez nos offres d&#8217;emploi Candidature R\u00e9ponse \u00e0 une offre &hellip;<\/p>\n","protected":false},"author":1,"featured_media":0,"parent":0,"menu_order":0,"comment_status":"closed","ping_status":"closed","template":"","meta":{"_acf_changed":false,"footnotes":""},"class_list":["post-2596","page","type-page","status-publish","hentry","no-thumb"],"acf":[],"_links":{"self":[{"href":"https:\/\/www.spoolex.com\/fr\/wp-json\/wp\/v2\/pages\/2596","targetHints":{"allow":["GET"]}}],"collection":[{"href":"https:\/\/www.spoolex.com\/fr\/wp-json\/wp\/v2\/pages"}],"about":[{"href":"https:\/\/www.spoolex.com\/fr\/wp-json\/wp\/v2\/types\/page"}],"author":[{"embeddable":true,"href":"https:\/\/www.spoolex.com\/fr\/wp-json\/wp\/v2\/users\/1"}],"replies":[{"embeddable":true,"href":"https:\/\/www.spoolex.com\/fr\/wp-json\/wp\/v2\/comments?post=2596"}],"version-history":[{"count":64,"href":"https:\/\/www.spoolex.com\/fr\/wp-json\/wp\/v2\/pages\/2596\/revisions"}],"predecessor-version":[{"id":4849,"href":"https:\/\/www.spoolex.com\/fr\/wp-json\/wp\/v2\/pages\/2596\/revisions\/4849"}],"wp:attachment":[{"href":"https:\/\/www.spoolex.com\/fr\/wp-json\/wp\/v2\/media?parent=2596"}],"curies":[{"name":"wp","href":"https:\/\/api.w.org\/{rel}","templated":true}]}}